{"id":26,"date":"2019-11-13T05:23:22","date_gmt":"2019-11-13T03:23:22","guid":{"rendered":"https:\/\/themify.me\/demo\/themes\/ultra-construction\/?page_id=239"},"modified":"2021-07-07T17:25:59","modified_gmt":"2021-07-07T15:25:59","slug":"leistungen","status":"publish","type":"page","link":"https:\/\/hanseprojektentwicklung.de\/?page_id=26","title":{"rendered":"Leistungen"},"content":{"rendered":"<!-- wp:themify-builder\/canvas \/-->\n\n<p><!--themify_builder_static--><\/p>\n<h1 style=\"text-align: left;\">\u00a0<\/h1>\n<p><img loading=\"lazy\" src=\"http:\/\/hanseprojektentwicklung.de\/wp-content\/uploads\/2020\/06\/modenr-cargo-bay-factory-1024x771-580x600.jpg\" alt=\"\" width=\"580\" height=\"600\" \/><\/p>\n<h3>Bauplanung<b><\/b><\/h3>\n<p>Beratung, Erstellung und Umsetzung von individuellen Bau Projekten, Entwicklung von Nutzungskonzepten, Schaffung von Baurecht sowie Projektmanagement.<\/p>\n<p><img loading=\"lazy\" src=\"http:\/\/hanseprojektentwicklung.de\/wp-content\/uploads\/2020\/06\/architect-architecture-blueprint-build-271667-1024x678-600x628.jpg\" alt=\"architect-architecture-blueprint-build-271667\" width=\"600\" height=\"628\" \/><\/p>\n<h3>Architektur, Sanierung &amp; Renovierung<\/h3>\n<p>Wir versch\u00f6nern und halten alle Kosten im \u00dcberblick! Ob die Zeichnung eines modernen Neubaus oder die Modernisierung eines \u00e4lteren Schmuckst\u00fcckes.\u00a0<\/p>\n<p>\u00a0<\/p>\n<p><img loading=\"lazy\" src=\"http:\/\/hanseprojektentwicklung.de\/wp-content\/uploads\/2020\/06\/versicherungen-gutachten-1024x671-580x600.png\" alt=\"Versicherungen_Und_Gutachten\" width=\"580\" height=\"600\" \/><\/p>\n<h3>Gutachten &amp; Bewertung<\/h3>\n<p>Jede Art von Gutachten und Bewertung sowie Ermittlung und Pr\u00fcfung m\u00f6glicher Regressanspr\u00fcche.<\/p>\n<p>\u00a0<\/p>\n<p><img loading=\"lazy\" src=\"http:\/\/hanseprojektentwicklung.de\/wp-content\/uploads\/2020\/07\/projekte-hp-projekt-entwicklung-1024x615-600x628.png\" alt=\"projekte-hp-projekt-entwicklung\" width=\"600\" height=\"628\" \/><\/p>\n<h3>Weitere Arbeiten<\/h3>\n<p>alles rundum Bauwesen.<\/p>\n<h3 style=\"text-align: left;\">Uns ist kein Geb\u00e4ude zu gro\u00df, kein Projekt zu umfangreich, keine Bauma\u00dfnahme zu herausfordernd.<\/h3>\n<p>Warten Sie nicht mit Ihrem Traumprojekt!<\/p>\n<p><a href=\"http:\/\/hanseprojektentwicklung.de\/?page_id=22\"> jetzt kontaktieren <\/a><\/p>\n<h6>Kontaktieren<\/h6>\n<p>Stresemannstra\u00dfe 76<br \/>28207 Bremen<\/p>\n<h6>Telefon &amp; Email<\/h6>\n<p>Telefon: <a href=\"tel:+491724257270\">01724257270<\/a><br \/>E-Mail: <a href=\"mailto:info@hanseprojektentwicklung.de\">info@hanseprojektentwicklung.de<\/a><\/p>\n<p><a href=\"http:\/\/hanseprojektentwicklung.de\/?page_id=22\">Kontakt<\/a><br \/><a href=\"http:\/\/hanseprojektentwicklung.de\/?page_id=148&amp;preview_id=148&amp;preview_nonce=d1139b1a28&amp;preview=true\">Impressum<\/a><br \/><a href=\"http:\/\/hanseprojektentwicklung.de\/?page_id=148&amp;preview_id=148&amp;preview_nonce=d1139b1a28&amp;preview=true\">Datenschutz<\/a><\/p>\n<p><!--\/themify_builder_static--><\/p>\n\n\n<p><\/p>\n","protected":false},"excerpt":{"rendered":"<p>\u00a0 Bauplanung Beratung, Erstellung und Umsetzung von individuellen Bau Projekten, Entwicklung von Nutzungskonzepten, Schaffung von Baurecht sowie Projektmanagement. Architektur, Sanierung &amp; Renovierung Wir versch\u00f6nern und halten alle Kosten im \u00dcberblick! Ob die Zeichnung eines modernen Neubaus oder die Modernisierung eines \u00e4lteren Schmuckst\u00fcckes.\u00a0 \u00a0 Gutachten &amp; Bewertung Jede Art von Gutachten und Bewertung sowie Ermittlung und [&hellip;]<\/p>\n","protected":false},"author":1,"featured_media":0,"parent":0,"menu_order":0,"comment_status":"closed","ping_status":"closed","template":"","meta":[],"yst_prominent_words":[],"builder_content":"<h1 style=\"text-align: left;\">unsere services<\/h1>\n<img src=\"http:\/\/hanseprojektentwicklung.de\/wp-content\/uploads\/2020\/06\/modenr-cargo-bay-factory.jpg\" width=\"580\" height=\"600\" title=\"Leistungen\" alt=\"Leistungen\">\n<h3>Bauplanung<b><\/b><\/h3> <p>Beratung, Erstellung und Umsetzung von individuellen Bauprojekten, Entwicklung von Nutzungskonzepten, Schaffung von Baurecht sowie Projektmanagement.<\/p>\n<img src=\"http:\/\/hanseprojektentwicklung.de\/wp-content\/uploads\/2020\/06\/architect-architecture-blueprint-build-271667.jpg\" width=\"600\" height=\"628\" title=\"Leistungen\" alt=\"Leistungen\">\n<h3>Architektur, Sanierung &amp; Renovierung<\/h3> <p>Wir versch\u00f6nern und halten alle Kosten im \u00dcberblick! Ob die Zeichnung eines modernen Neubaus oder die\u00a0Modernisierung eines \u00e4lteren Schmuckst\u00fcckes.<\/p> <p>\u00a0<\/p>\n<img src=\"http:\/\/hanseprojektentwicklung.de\/wp-content\/uploads\/2020\/06\/versicherungen-gutachten.png\" width=\"580\" height=\"600\" title=\"Leistungen\" alt=\"Leistungen\">\n<h3>Gutachten &amp; Bewertung<\/h3> <p>Jede Art von Gutachten und Bewertung sowie Ermittlung und Pr\u00fcfung m\u00f6glicher Regressanspr\u00fcche.<\/p> <p>\u00a0<\/p>\n<img src=\"http:\/\/hanseprojektentwicklung.de\/wp-content\/uploads\/2020\/07\/projekte-hp-projekt-entwicklung.png\" width=\"600\" height=\"628\" title=\"Leistungen\" alt=\"Leistungen\">\n<h3>Weitere Arbeiten<\/h3> <p>alles rundum Bauwesen.<\/p> <p>\u00a0<\/p>\n<h1 style=\"text-align: left;\">Uns ist kein Geb\u00e4ude zu gro\u00df, kein Projekt zu umfangreich, keine Bauma\u00dfnahme zu herausfordernd.<\/h1> <p>Warten Sie nicht mit Ihrem Traumprojekt!<\/p>\n<a href=\"http:\/\/hanseprojektentwicklung.de\/?page_id=22\" >\n jetzt kontaktieren\n <\/a>\n<h6>Kontaktieren<\/h6> <pre>Hanse Projekt Entwicklungs GmbH<br \/>Stresemannstra\u00dfe 76<br \/>28207 Bremen<\/pre> \n \n \n \n \n \n \n <h6>Telefon &amp; Email<\/h6> <pre>Telefon: +491724257270<br \/>E-Mail: Info@Hanseprojektentwicklung.de<\/pre> \n \n \n \n \n \n \n <p><a href=\"http:\/\/hanseprojektentwicklung.de\/?page_id=22\">Kontakt<\/a><br \/><a href=\"http:\/\/hanseprojektentwicklung.de\/?page_id=148\">Impressum<\/a><br \/><a href=\"http:\/\/hanseprojektentwicklung.de\/?page_id=148\">Datenschutz<\/a><\/p>","_links":{"self":[{"href":"https:\/\/hanseprojektentwicklung.de\/index.php?rest_route=\/wp\/v2\/pages\/26"}],"collection":[{"href":"https:\/\/hanseprojektentwicklung.de\/index.php?rest_route=\/wp\/v2\/pages"}],"about":[{"href":"https:\/\/hanseprojektentwicklung.de\/index.php?rest_route=\/wp\/v2\/types\/page"}],"author":[{"embeddable":true,"href":"https:\/\/hanseprojektentwicklung.de\/index.php?rest_route=\/wp\/v2\/users\/1"}],"replies":[{"embeddable":true,"href":"https:\/\/hanseprojektentwicklung.de\/index.php?rest_route=%2Fwp%2Fv2%2Fcomments&post=26"}],"version-history":[{"count":21,"href":"https:\/\/hanseprojektentwicklung.de\/index.php?rest_route=\/wp\/v2\/pages\/26\/revisions"}],"predecessor-version":[{"id":342,"href":"https:\/\/hanseprojektentwicklung.de\/index.php?rest_route=\/wp\/v2\/pages\/26\/revisions\/342"}],"wp:attachment":[{"href":"https:\/\/hanseprojektentwicklung.de\/index.php?rest_route=%2Fwp%2Fv2%2Fmedia&parent=26"}],"wp:term":[{"taxonomy":"yst_prominent_words","embeddable":true,"href":"https:\/\/hanseprojektentwicklung.de\/index.php?rest_route=%2Fwp%2Fv2%2Fyst_prominent_words&post=26"}],"curies":[{"name":"wp","href":"https:\/\/api.w.org\/{rel}","templated":true}]}}