{"id":23,"date":"2019-10-12T04:02:54","date_gmt":"2019-10-12T04:02:54","guid":{"rendered":"https:\/\/themify.me\/demo\/themes\/construction\/?page_id=5"},"modified":"2021-06-14T09:16:34","modified_gmt":"2021-06-14T07:16:34","slug":"home","status":"publish","type":"page","link":"https:\/\/hanseprojektentwicklung.de\/","title":{"rendered":"Lernen Sie uns kennen"},"content":{"rendered":"<!-- wp:themify-builder\/canvas \/-->\n\n<p><!--themify_builder_static--><\/p>\n<h2 style=\"text-align: left;\">Erkennen Entwickeln Erschaffen<\/h2>\n<p style=\"text-align: left;\"><span style=\"vertical-align: inherit;\"><span style=\"vertical-align: inherit;\"><span style=\"vertical-align: inherit;\"><span style=\"vertical-align: inherit;\">Als Hanseprojektentwicklungs GmbH, Entwickeln wir Projekte im bereich Neubau und Renovierung.<\/span><\/span><\/span><\/span><\/p>\n<p style=\"text-align: center;\"><a href=\"http:\/\/hanseprojektentwicklung.de\/?page_id=22\"><img loading=\"lazy\" class=\"alignnone wp-image-288 size-medium\" src=\"http:\/\/hanseprojektentwicklung.de\/wp-content\/uploads\/2021\/06\/Kontakt-us-300x92.jpg\" alt=\"\" width=\"300\" height=\"92\" srcset=\"https:\/\/hanseprojektentwicklung.de\/wp-content\/uploads\/2021\/06\/Kontakt-us-300x92.jpg 300w, https:\/\/hanseprojektentwicklung.de\/wp-content\/uploads\/2021\/06\/Kontakt-us-768x237.jpg 768w, https:\/\/hanseprojektentwicklung.de\/wp-content\/uploads\/2021\/06\/Kontakt-us.jpg 896w\" sizes=\"(max-width: 300px) 100vw, 300px\" \/><\/a><\/p>\n<h5>Wir bieten:<br \/><strong>Begleitet werden Sie von unseren kompetenten Ingenieuren und Architekten vom Erwerb der Immobilie\/ Grundst\u00fcck \u00fcber die schl\u00fcsselfertige Lieferung hinweg.<\/strong><\/h5>\n<p><img loading=\"lazy\" src=\"http:\/\/hanseprojektentwicklung.de\/wp-content\/uploads\/2020\/06\/modenr-cargo-bay-factory-1024x771-358x258.jpg\" alt=\"\" width=\"358\" height=\"258\" \/><\/p>\n<h3>Bauplanung:<\/h3>\n<h5>Beratung, Erstellung und Umsetzung einzelner Bauprojekte, Entwicklung von Nutzungskonzepten, Schaffung von Baurechten und Projektmanagement. Erstellung von Projekten und Bauanfragen.<\/h5>\n<p><img loading=\"lazy\" src=\"http:\/\/hanseprojektentwicklung.de\/wp-content\/uploads\/2020\/06\/versicherungen-gutachten-1024x671-358x258.png\" alt=\"Insurance_And_Assessments\" width=\"358\" height=\"258\" \/><\/p>\n<h3>Gutachten &amp; Evaluation:<\/h3>\n<h5>Jede Art von Gutachten und Bewertung sowie die Feststellung und Pr\u00fcfung m\u00f6glicher Regressanspr\u00fcche. Unser staatlich anerkannter Experte steht Ihnen jederzeit zur Verf\u00fcgung.<\/h5>\n<h3>\u00a0<\/h3>\n<p><img loading=\"lazy\" src=\"http:\/\/hanseprojektentwicklung.de\/wp-content\/uploads\/2020\/06\/architect-architecture-blueprint-build-271667-1024x678-358x258.jpg\" alt=\"architect-architecture-blueprint-build-271667\" width=\"358\" height=\"258\" \/><\/p>\n<h3>Architektur &amp; Renovierung<\/h3>\n<h5>Wir versch\u00f6nern und behalten den \u00dcberblick \u00fcber alle Kosten! Ob die Zeichnung eines modernen Neubaus oder die Modernisierung eines \u00e4lteren Schmuckst\u00fccks.<\/h5>\n<h5>unsere Projekte:<br \/>Wir haben das Gl\u00fcck, mit so gro\u00dfartigen Partnern sowohl im gewerblichen als auch im privaten Sektor zusammengearbeitet zu haben.<\/h5>\n<p><img src=\"http:\/\/hanseprojektentwicklung.de\/wp-content\/uploads\/2020\/06\/WhatsApp-Image-2020-06-12-at-15.29.45-1.jpeg\" sizes=\"(max-width: 529px) 100vw, 529px\" srcset=\"http:\/\/hanseprojektentwicklung.de\/wp-content\/uploads\/2020\/06\/WhatsApp-Image-2020-06-12-at-15.29.45-1.jpeg 529w, http:\/\/hanseprojektentwicklung.de\/wp-content\/uploads\/2020\/06\/WhatsApp-Image-2020-06-12-at-15.29.45-1-207x300.jpeg 207w\" alt=\"HP project development project\" \/><br \/><img src=\"http:\/\/hanseprojektentwicklung.de\/wp-content\/uploads\/2020\/06\/xxWhatsApp-Image-2020-06-12-at-15.29.45.jpg\" sizes=\"(max-width: 522px) 100vw, 522px\" srcset=\"http:\/\/hanseprojektentwicklung.de\/wp-content\/uploads\/2020\/06\/xxWhatsApp-Image-2020-06-12-at-15.29.45.jpg 522w, http:\/\/hanseprojektentwicklung.de\/wp-content\/uploads\/2020\/06\/xxWhatsApp-Image-2020-06-12-at-15.29.45-204x300.jpg 204w\" alt=\"HP project development\" \/><br \/><img src=\"http:\/\/hanseprojektentwicklung.de\/wp-content\/uploads\/2020\/06\/WhatsApp-Image-2020-06-12-at-15.29.45.jpeg\" sizes=\"(max-width: 522px) 100vw, 522px\" srcset=\"http:\/\/hanseprojektentwicklung.de\/wp-content\/uploads\/2020\/06\/WhatsApp-Image-2020-06-12-at-15.29.45.jpeg 522w, http:\/\/hanseprojektentwicklung.de\/wp-content\/uploads\/2020\/06\/WhatsApp-Image-2020-06-12-at-15.29.45-204x300.jpeg 204w\" alt=\"HP project development project Bremen\" \/><\/p>\n<h3>IHR PARTNER ..<\/h3>\n<p>.. f\u00fcr komplexe und anspruchsvolle Bauprojekte<\/p>\n<p>Dank unseres zuverl\u00e4ssigen Teams, unserer neuesten Entwicklertools und eines sehr guten Netzwerks auf dem Markt sind wir bereits heute auf alle Anforderungen von morgen vorbereitet.<\/p>\n<p><a href=\"http:\/\/hanseprojektentwicklung.de\/?page_id=24\">Projekte<\/a><br \/><img src=\"http:\/\/hanseprojektentwicklung.de\/wp-content\/uploads\/2020\/07\/projektentwicklung-hp-1024x682-500x333.png\" sizes=\"(max-width: 500px) 100vw, 500px\" srcset=\"http:\/\/hanseprojektentwicklung.de\/wp-content\/uploads\/2020\/07\/projektentwicklung-hp-1024x682-500x333.png 500w, http:\/\/hanseprojektentwicklung.de\/wp-content\/uploads\/2020\/07\/projektentwicklung-hp-300x200.png 300w, http:\/\/hanseprojektentwicklung.de\/wp-content\/uploads\/2020\/07\/projektentwicklung-hp-768x511.png 768w, http:\/\/hanseprojektentwicklung.de\/wp-content\/uploads\/2020\/07\/projektentwicklung-hp-1024x682.png 1024w, http:\/\/hanseprojektentwicklung.de\/wp-content\/uploads\/2020\/07\/projektentwicklung-hp.png 1500w\" alt=\"project development-hp\" width=\"500\" \/><\/p>\n<h3><span style=\"vertical-align: inherit;\"><span style=\"vertical-align: inherit;\"><span style=\"vertical-align: inherit;\"><span style=\"vertical-align: inherit;\">Kundenbewertungen<\/span><\/span><\/span><\/span><\/h3>\n<p><img src=\"https:\/\/themify.me\/demo\/themes\/predesigned-rows\/files\/2018\/06\/testimonial-stars.png\" alt=\"\" \/><\/p>\n<h3>Kundenzufriedenheit und fachliche F\u00e4higkeiten auf h\u00f6chstem Niveau.<\/h3>\n<p><span style=\"vertical-align: inherit;\"><span style=\"vertical-align: inherit;\">Marco K.<\/span><\/span><\/p>\n<ul data-id=\"tb_huep569\" data-visible=\"1\" data-tab-visible=\"0\" data-mob-visible=\"0\" data-scroll=\"1\" data-auto-scroll=\"off\" data-speed=\"1\" data-wrap=\"yes\" data-arrow=\"yes\" data-pagination=\"yes\" data-effect=\"scroll\" data-height=\"variable\" data-pause-on-hover=\"resume\" data-play-controller=\"no\" data-horizontal=\"\">\n<li>\n<p>Unser Projekt wurde schnell, kompetent, zuverl\u00e4ssig und sehr zielorientiert durchgef\u00fchrt. Alles wurde auf eine sehr freundliche und sympathische Art und Weise gemacht. Die Zusammenarbeit hat gro\u00dfen Spa\u00df gemacht!<\/p>\n<p><span style=\"vertical-align: inherit;\"><span style=\"vertical-align: inherit;\">Daniel S.<\/span><\/span><\/p>\n<\/li>\n<li>\n<p>Seri\u00f6s, kompetent und absolut zuverl\u00e4ssig. W\u00e4re immer meine erste Wahl!<\/p>\n<p><span style=\"vertical-align: inherit;\"><span style=\"vertical-align: inherit;\">Margaret K.<\/span><\/span><\/p>\n<\/li>\n<li>\n<p>Die Renovierungsarbeiten waren schnell und einfach. Die Arbeit war am Ende sehr sauber! Bis heute bereue ich keine Reue, immer hanseatische Projektentwicklung.<\/p>\n<p><span style=\"vertical-align: inherit;\"><span style=\"vertical-align: inherit;\">Michael B.<\/span><\/span><\/p>\n<\/li>\n<\/ul>\n<h6><span style=\"vertical-align: inherit;\"><span style=\"vertical-align: inherit;\">Kontakt:<\/span><\/span><\/h6>\n<h6><span style=\"vertical-align: inherit;\"><span style=\"vertical-align: inherit;\">Hanse Projekt Entwicklungs GmbH <\/span><\/span><br \/><br \/><span style=\"vertical-align: inherit;\"><span style=\"vertical-align: inherit;\">Stresemannstrasse 76 <\/span><\/span><br \/><span style=\"vertical-align: inherit;\"><span style=\"vertical-align: inherit;\">28207 Bremen<\/span><\/span><\/h6>\n<h6><span style=\"vertical-align: inherit;\"><span style=\"vertical-align: inherit;\">Telefon &amp; Email<\/span><\/span><\/h6>\n<h6><span style=\"vertical-align: inherit;\"><span style=\"vertical-align: inherit;\">Telephone: +491724257270 <\/span><\/span><br \/><span style=\"vertical-align: inherit;\"><span style=\"vertical-align: inherit;\">E-Mail: Info@Hanseprojektentwicklung.de<\/span><\/span><\/h6>\n<p><a href=\"http:\/\/hanseprojektentwicklung.de\/?page_id=22\"><span style=\"vertical-align: inherit;\"><span style=\"vertical-align: inherit;\">Kontakt <\/span><\/span><\/a><br \/><a href=\"http:\/\/hanseprojektentwicklung.de\/?page_id=148\"><span style=\"vertical-align: inherit;\"><span style=\"vertical-align: inherit;\">Impressum<\/span><\/span><\/a><br \/><a href=\"http:\/\/hanseprojektentwicklung.de\/?page_id=148\"><span style=\"vertical-align: inherit;\"><span style=\"vertical-align: inherit;\">Datenschutz<\/span><\/span><\/a><\/p>\n<p><!--\/themify_builder_static--><\/p>\n\n\n<p><\/p>\n","protected":false},"excerpt":{"rendered":"<p>Erkennen Entwickeln Erschaffen Als Hanseprojektentwicklungs GmbH, Entwickeln wir Projekte im bereich Neubau und Renovierung. Wir bieten:Begleitet werden Sie von unseren kompetenten Ingenieuren und Architekten vom Erwerb der Immobilie\/ Grundst\u00fcck \u00fcber die schl\u00fcsselfertige Lieferung hinweg. Bauplanung: Beratung, Erstellung und Umsetzung einzelner Bauprojekte, Entwicklung von Nutzungskonzepten, Schaffung von Baurechten und Projektmanagement. Erstellung von Projekten und Bauanfragen. Gutachten [&hellip;]<\/p>\n","protected":false},"author":1,"featured_media":57,"parent":0,"menu_order":0,"comment_status":"closed","ping_status":"closed","template":"","meta":[],"yst_prominent_words":[],"builder_content":"<h1 style=\"text-align: left;\"><strong>Erkennen. Entwickeln. Erschaffen.<\/strong><\/h1> <p style=\"text-align: left;\">Wir, als die Hanse Projektentwicklung, realisieren Bauprojekte im gewerblichen und privaten Bereich.<\/p>\n<a href=\"http:\/\/hanseprojektentwicklung.de\/?page_id=26\" >\n services\n <\/a>\n \n \n <a href=\"http:\/\/hanseprojektentwicklung.de\/?page_id=22\" >\n kontakt\n <\/a>\n<h3>wir bieten<br\/>Von der Grundst\u00fccksakquise \u00fcber die Erstellung projektrelevanter Studien bis zur Baureife werden Sie von unseren kompetenten Ingenieuren und Netzwerkpartnern begleitet.<\/h3>\n<img src=\"http:\/\/hanseprojektentwicklung.de\/wp-content\/uploads\/2020\/06\/modenr-cargo-bay-factory.jpg\" width=\"358\" height=\"258\" title=\"Lernen Sie uns kennen\" alt=\"Lernen Sie uns kennen\">\n<h3>Bauplanung<b><\/b><\/h3> <p>Beratung, Erstellung und Umsetzung von individuellen Bauprojekten, Entwicklung von Nutzungskonzepten, Schaffung von Baurecht sowie Projektmanagement. Entwurf von Projekten und Bauvoranfragen.<\/p>\n<img src=\"http:\/\/hanseprojektentwicklung.de\/wp-content\/uploads\/2020\/06\/versicherungen-gutachten.png\" width=\"358\" height=\"258\" title=\"Lernen Sie uns kennen\" alt=\"Lernen Sie uns kennen\">\n<h3>Gutachten &amp; Bewertung<\/h3> <p>Jede Art von Gutachten und Bewertung sowie Ermittlung und Pr\u00fcfung m\u00f6glicher Regressanspr\u00fcche. Unser staatlich anerkannter Gutachter ist f\u00fcr Sie immer erreichbar.<\/p>\n<img src=\"http:\/\/hanseprojektentwicklung.de\/wp-content\/uploads\/2020\/06\/architect-architecture-blueprint-build-271667.jpg\" width=\"358\" height=\"258\" title=\"Lernen Sie uns kennen\" alt=\"Lernen Sie uns kennen\">\n<h3>Architektur, Sanierung &amp; Renovierung<\/h3> <p>Wir versch\u00f6nern und halten alle Kosten im \u00dcberblick! Ob die Zeichnung eines modernen Neubaus oder die\u00a0Modernisierung eines \u00e4lteren Schmuckst\u00fcckes.<\/p>\n<h3>unsere Projekte<br\/> Wir haben das Gl\u00fcck, mit so gro\u00dfartigen Partnern zusammengearbeitet zu haben, sowohl im gewerblichen als auch im privaten Bereich.<\/h3>\n<img src=\"http:\/\/hanseprojektentwicklung.de\/wp-content\/uploads\/2020\/06\/WhatsApp-Image-2020-06-12-at-15.29.45-1.jpeg\" width=\"529\" height=\"768\" title=\"Lernen Sie uns kennen\" alt=\"Lernen Sie uns kennen\">\n<img src=\"http:\/\/hanseprojektentwicklung.de\/wp-content\/uploads\/2020\/06\/xxWhatsApp-Image-2020-06-12-at-15.29.45.jpg\" width=\"522\" height=\"768\" title=\"Lernen Sie uns kennen\" alt=\"Lernen Sie uns kennen\">\n<img src=\"http:\/\/hanseprojektentwicklung.de\/wp-content\/uploads\/2020\/06\/WhatsApp-Image-2020-06-12-at-15.29.45.jpeg\" width=\"522\" height=\"768\" title=\"Lernen Sie uns kennen\" alt=\"Lernen Sie uns kennen\">\n<h2>IHR PARTNER..<\/h2> <p><b>.. f\u00fcr komplexe und anspruchsvolle Bauprojekte<\/b><\/p> <p>Durch unser zuverl\u00e4ssiges Team, unsere neusten Entwickler-Tools und einer sehr guten Vernetzung im Markt sind wir bereits heute allen Anforderungen von morgen gewappnet.<\/p>\n<a href=\"http:\/\/hanseprojektentwicklung.de\/?page_id=24\" >\n UNSERE PROJEKTE\n <\/a>\n<img src=\"http:\/\/hanseprojektentwicklung.de\/wp-content\/uploads\/2020\/07\/projektentwicklung-hp.png\" width=\"500\" height=\"999\" title=\"Lernen Sie uns kennen\" alt=\"Lernen Sie uns kennen\">\n<h3>Bewertungen<br\/><\/h3>\n<img src=\"https:\/\/themify.me\/demo\/themes\/predesigned-rows\/files\/2018\/06\/testimonial-stars.png\" width=\"95\" height=\"15\" title=\"Lernen Sie uns kennen\" alt=\"Lernen Sie uns kennen\">\n<p style=\"text-align: center;\">Kundenzufriedenheit und fachliche Kompetenzen auf h\u00f6chstem Niveau.<\/p> \n \n \n Marco K.\n \n \n \n \n \n \n \n \n \n \n <p>Unser Projekt wurde schnell, kompetent, zuverl\u00e4ssig und sehr zielorientiert durchgef\u00fchrt. Dabei erfolgte alles auf sehr freundliche und sympathische Art und Weise. Die Zusammenarbeit hat sehr gro\u00dfen Spa\u00df gemacht!<\/p> \n \n \n Daniel S.\n \n \n \n \n \n \n \n \n \n \n <p>Seri\u00f6s, kompetent und absolut zuverl\u00e4ssig. W\u00e4re immer wieder meine erste Wahl!<\/p> \n \n \n Margaret K.\n \n \n \n \n \n \n \n \n \n \n <p>Die Renovierungsarbeiten erfolgten schnell und unkompliziert. Die Arbeiten waren am ende sehr sauber!! Bis heute bereue ich nichts, immer wieder Hanseprojektentwicklung.<\/p> \n \n \n Michael B.\n<h6>Kontaktieren<\/h6> <pre>Hanse Projekt Entwicklungs GmbH<br \/>Stresemannstra\u00dfe 76<br \/>28207 Bremen<\/pre> \n \n \n \n \n \n \n <h6>Telefon &amp; Email<\/h6> <pre>Telefon: +491724257270<br \/>E-Mail: Info@Hanseprojektentwicklung.de<\/pre> \n \n \n \n \n \n \n <p><a href=\"http:\/\/hanseprojektentwicklung.de\/?page_id=22\">Kontakt<\/a><br \/><a href=\"http:\/\/hanseprojektentwicklung.de\/?page_id=148\">Impressum<\/a><br \/><a href=\"http:\/\/hanseprojektentwicklung.de\/?page_id=148\">Datenschutz<\/a><\/p>","_links":{"self":[{"href":"https:\/\/hanseprojektentwicklung.de\/index.php?rest_route=\/wp\/v2\/pages\/23"}],"collection":[{"href":"https:\/\/hanseprojektentwicklung.de\/index.php?rest_route=\/wp\/v2\/pages"}],"about":[{"href":"https:\/\/hanseprojektentwicklung.de\/index.php?rest_route=\/wp\/v2\/types\/page"}],"author":[{"embeddable":true,"href":"https:\/\/hanseprojektentwicklung.de\/index.php?rest_route=\/wp\/v2\/users\/1"}],"replies":[{"embeddable":true,"href":"https:\/\/hanseprojektentwicklung.de\/index.php?rest_route=%2Fwp%2Fv2%2Fcomments&post=23"}],"version-history":[{"count":83,"href":"https:\/\/hanseprojektentwicklung.de\/index.php?rest_route=\/wp\/v2\/pages\/23\/revisions"}],"predecessor-version":[{"id":326,"href":"https:\/\/hanseprojektentwicklung.de\/index.php?rest_route=\/wp\/v2\/pages\/23\/revisions\/326"}],"wp:featuredmedia":[{"embeddable":true,"href":"https:\/\/hanseprojektentwicklung.de\/index.php?rest_route=\/wp\/v2\/media\/57"}],"wp:attachment":[{"href":"https:\/\/hanseprojektentwicklung.de\/index.php?rest_route=%2Fwp%2Fv2%2Fmedia&parent=23"}],"wp:term":[{"taxonomy":"yst_prominent_words","embeddable":true,"href":"https:\/\/hanseprojektentwicklung.de\/index.php?rest_route=%2Fwp%2Fv2%2Fyst_prominent_words&post=23"}],"curies":[{"name":"wp","href":"https:\/\/api.w.org\/{rel}","templated":true}]}}